{"id":7,"date":"2013-12-29T14:34:35","date_gmt":"2013-12-29T12:34:35","guid":{"rendered":"http:\/\/www.buergerforum-steinerneshaus.de\/wordpress\/?page_id=7"},"modified":"2014-02-04T11:38:46","modified_gmt":"2014-02-04T09:38:46","slug":"wir-ueber-uns","status":"publish","type":"page","link":"https:\/\/www.buergerforum-steinerneshaus.de\/wordpress\/?page_id=7","title":{"rendered":"Wir \u00fcber uns"},"content":{"rendered":"<p>Der Verein wird getragen von Menschen, die sich f\u00fcr den Erhalt von Kulturgut und historischer Bausubstanz engagieren, insbesondere durch F\u00f6rderung und Unterst\u00fctzung von Ma\u00dfnahmen im Zusammenhang mit der Erhaltung des mittelalterlichen Stadtbildes der Kernstadt B\u00fcdingen (Fachwerkfreilegung und \u2013erhaltung, sonstige st\u00e4dtebauliche Ma\u00dfnahmen), F\u00f6rderung der Denkmalpflege, soweit es sich um amtlich anerkannte Objekte (Baudenkm\u00e4ler) handelt, der Erhaltung und Freilegung anderer historischer St\u00e4tten des Raumes B\u00fcdingen, Ma\u00dfnahmen zur Pflege der Landschaft sowie Ma\u00dfnahmen zur Verbesserung der Infrastruktur (Schaffung von Freizeitst\u00e4tten). Ein Schwerpunkt des Vereins ist das Engagement f\u00fcr den Erhalt der historischen Anlage Steinernes Haus.<\/p>\n<p>Dabei verfolgt er insbesondere die Ziele:<\/p>\n<li>die bedrohte Bausubstanz durch Ankauf oder Pacht und gegebenenfalls Restaurierung zu sichern,<\/li>\n<li>Menschen zu \u00fcberzeugen im Sinne von Erhaltung und Restaurierung zu denken und zu handeln,<\/li>\n<li>die Geschichtserinnerung erlebbar zu machen und diese lebendig zu halten,<\/li>\n<li>das traditionelle Handwerk mit seinen hoch stehenden Qualit\u00e4tsstandards zu f\u00f6rdern und sich um dessen Fortbestand zu bem\u00fchen,<\/li>\n<li>Informationsveranstaltungen f\u00fcr Mitglieder und Interessierte zu Sachthemen durchzuf\u00fchren und den Meinungsaustausch zu f\u00f6rdern,<\/li>\n<li>dem Verein durch eine Brosch\u00fcre und im Internet, oder aus aktuellem Anlass darzustellen, <\/li>\n<li>nach geeigneten Pers\u00f6nlichkeiten, die als Botschafter oder Schirmherren\/Frauen im Sinne des Vereins t\u00e4tig werden zu suchen,<\/li>\n<li>unabh\u00e4ngig, \u00fcberparteilich und engagiert zu arbeiten und sich B\u00fcdingen verbunden zu f\u00fchlen. <\/li>\n","protected":false},"excerpt":{"rendered":"<p>Der Verein wird getragen von Menschen, die sich f\u00fcr den Erhalt von Kulturgut und historischer Bausubstanz engagieren, insbesondere durch F\u00f6rderung und Unterst\u00fctzung von Ma\u00dfnahmen im Zusammenhang mit der Erhaltung des mittelalterlichen Stadtbildes der Kernstadt B\u00fcdingen (Fachwerkfreilegung und \u2013erhaltung, sonstige st\u00e4dtebauliche Ma\u00dfnahmen), F\u00f6rderung der Denkmalpflege, soweit es sich um amtlich anerkannte Objekte (Baudenkm\u00e4ler) handelt, der Erhaltung [&hellip;]<\/p>\n","protected":false},"author":1,"featured_media":0,"parent":0,"menu_order":0,"comment_status":"closed","ping_status":"closed","template":"","meta":{"footnotes":""},"class_list":["post-7","page","type-page","status-publish","hentry"],"_links":{"self":[{"href":"https:\/\/www.buergerforum-steinerneshaus.de\/wordpress\/index.php?rest_route=\/wp\/v2\/pages\/7"}],"collection":[{"href":"https:\/\/www.buergerforum-steinerneshaus.de\/wordpress\/index.php?rest_route=\/wp\/v2\/pages"}],"about":[{"href":"https:\/\/www.buergerforum-steinerneshaus.de\/wordpress\/index.php?rest_route=\/wp\/v2\/types\/page"}],"author":[{"embeddable":true,"href":"https:\/\/www.buergerforum-steinerneshaus.de\/wordpress\/index.php?rest_route=\/wp\/v2\/users\/1"}],"replies":[{"embeddable":true,"href":"https:\/\/www.buergerforum-steinerneshaus.de\/wordpress\/index.php?rest_route=%2Fwp%2Fv2%2Fcomments&post=7"}],"version-history":[{"count":14,"href":"https:\/\/www.buergerforum-steinerneshaus.de\/wordpress\/index.php?rest_route=\/wp\/v2\/pages\/7\/revisions"}],"predecessor-version":[{"id":352,"href":"https:\/\/www.buergerforum-steinerneshaus.de\/wordpress\/index.php?rest_route=\/wp\/v2\/pages\/7\/revisions\/352"}],"wp:attachment":[{"href":"https:\/\/www.buergerforum-steinerneshaus.de\/wordpress\/index.php?rest_route=%2Fwp%2Fv2%2Fmedia&parent=7"}],"curies":[{"name":"wp","href":"https:\/\/api.w.org\/{rel}","templated":true}]}}