{"id":68,"date":"2014-01-06T18:03:51","date_gmt":"2014-01-06T16:03:51","guid":{"rendered":"http:\/\/www.buergerforum-steinerneshaus.de\/wordpress\/?page_id=68"},"modified":"2014-09-10T17:32:58","modified_gmt":"2014-09-10T15:32:58","slug":"mehr-ueber-die-bruecke","status":"publish","type":"page","link":"https:\/\/www.buergerforum-steinerneshaus.de\/wordpress\/?page_id=68","title":{"rendered":"R\u00fcckblick: Warum eine Br\u00fccke?"},"content":{"rendered":"<p>(Stand Fr\u00fchling 2014) F\u00fcr die B\u00fcdinger Altstadt fehlt bisher ein Zugang f\u00fcr Fu\u00dfg\u00e4nger und Radfahrer aus Richtung Schlo\u00dfm\u00fchle. Egal ob Anwohner der hinteren M\u00fchltorstra\u00dfe, der Kellergasse und der Wohnstra\u00dfe &#8222;Hinter der Meisterei&#8220;, Spazierg\u00e4nger, Jogger, Busreisende, Kinder, die ins Schwimmbad oder zu den Tennispl\u00e4tzen wollen: Alle  m\u00fcssen den schmalen B\u00fcrgersteig der M\u00fchltorstra\u00dfe benutzen. Dass die Stra\u00dfe als Ausfallstra\u00dfe in den Vogelsberg und Zufahrtsstra\u00dfe zum Basaltwerk sehr stark befahren ist, macht sie zus\u00e4tzlich gef\u00e4hrlich. Wir bedauern sehr, dass Verhandlungen zwischen Stadt und F\u00fcrstenhaus, die bauf\u00e4llige &#8222;Pferdebr\u00fccke&#8220; an der Schlo\u00dfm\u00fchle gemeinsam zu sanieren und f\u00fcr Fu\u00dfg\u00e4nger zu \u00f6ffnen, nicht zum Erfolg f\u00fchrten. <\/p>\n<div id=\"attachment_12\" style=\"width: 785px\" class=\"wp-caption alignnone\"><a href=\"http:\/\/www.buergerforum-steinerneshaus.de\/wordpress\/wp-content\/uploads\/2013\/12\/AxelGallunLogo1.jpg\"target=\"_blank\"><img loading=\"lazy\" decoding=\"async\" aria-describedby=\"caption-attachment-12\" src=\"http:\/\/www.buergerforum-steinerneshaus.de\/wordpress\/wp-content\/uploads\/2013\/12\/AxelGallunLogo1.jpg\" alt=\"Zeichnung: Axel Gallun\" width=\"775\" height=\"300\" class=\"size-full wp-image-12\" srcset=\"https:\/\/www.buergerforum-steinerneshaus.de\/wordpress\/wp-content\/uploads\/2013\/12\/AxelGallunLogo1.jpg 775w, https:\/\/www.buergerforum-steinerneshaus.de\/wordpress\/wp-content\/uploads\/2013\/12\/AxelGallunLogo1-300x116.jpg 300w\" sizes=\"(max-width: 775px) 100vw, 775px\" \/><\/a><p id=\"caption-attachment-12\" class=\"wp-caption-text\">Zeichnung: Axel Gallun<\/p><\/div>\n<p>Das B\u00fcrgerforum m\u00f6chte den Meliorsdamm und die M\u00fchltorstra\u00dfe nahe der Schlo\u00dfm\u00fchle mit einer Fu\u00dfg\u00e4ngerbr\u00fccke verbinden. Auch die zahlreichen Gesch\u00e4fte in der B\u00fcdinger Altstadt werden davon profitieren, wenn ein &#8211; sozusagen &#8211; verkehrsberuhigter Zugang zur Altstadt entsteht.<\/p>\n<p>Die Br\u00fccke muss aus technischen und denkmalschutzrechtlichen Gr\u00fcnden relativ nahe an der Schlo\u00dfm\u00fchle errichtet werden, so dass sie eine Spannweite von ca. sechzehn Metern erreichen wird. Das B\u00fcrgerforum wird die Br\u00fccke auf eigene Kosten bauen und anschlie\u00dfend der \u00d6ffentlichkeit schenken. Bislang gehen wir von Gesamtkosten in H\u00f6he von maximal 80.000 Euro aus, wobei erste Angebote darauf hindeuten, dass noch deutliche Einsparungen m\u00f6glich werden.<\/p>\n<div id=\"attachment_453\" style=\"width: 710px\" class=\"wp-caption aligncenter\"><a href=\"http:\/\/www.buergerforum-steinerneshaus.de\/wordpress\/wp-content\/uploads\/2014\/02\/1-2014-01-04-12.18.54.jpg\"target=\"_blank\"><img loading=\"lazy\" decoding=\"async\" aria-describedby=\"caption-attachment-453\" src=\"http:\/\/www.buergerforum-steinerneshaus.de\/wordpress\/wp-content\/uploads\/2014\/02\/1-2014-01-04-12.18.54.jpg\" alt=\"die alte Pferdebr\u00fccke im Dezember 2013\" width=\"700\" height=\"525\" class=\"size-full wp-image-453\" srcset=\"https:\/\/www.buergerforum-steinerneshaus.de\/wordpress\/wp-content\/uploads\/2014\/02\/1-2014-01-04-12.18.54.jpg 700w, https:\/\/www.buergerforum-steinerneshaus.de\/wordpress\/wp-content\/uploads\/2014\/02\/1-2014-01-04-12.18.54-300x225.jpg 300w, https:\/\/www.buergerforum-steinerneshaus.de\/wordpress\/wp-content\/uploads\/2014\/02\/1-2014-01-04-12.18.54-624x468.jpg 624w\" sizes=\"(max-width: 700px) 100vw, 700px\" \/><\/a><p id=\"caption-attachment-453\" class=\"wp-caption-text\">die alte Pferdebr\u00fccke im Dezember 2013<\/p><\/div>\n<p>Durch Einbeziehung der st\u00e4dtischen Gremien und der Denkmalpflege wurde \u00fcber die Errichtung, Gestaltung und genaue Lage der Br\u00fccke rasch ein Konsens erzielt. Die denkmalschutzrechtliche Genehmigung liegt vor, der Baugenehmigung erteilt. Die Ausf\u00fchrung wird bewusst an die abgerissene Pferdebr\u00fccke erinnern, also eine \u00fcberdachte Holzkonstruktion sein. Das B\u00fcrgerforum hat im Winter 2013\/2014 eine umfangreiche Spendenkampagne begonnen. Bislang sind bereits Zusagen \u00fcber rund 20.000 Euro eingegangen. Wir sind davon \u00fcberzeugt: Ganz B\u00fcdingen wird von diesem Br\u00fcckenbau profitieren.<\/p>\n","protected":false},"excerpt":{"rendered":"<p>(Stand Fr\u00fchling 2014) F\u00fcr die B\u00fcdinger Altstadt fehlt bisher ein Zugang f\u00fcr Fu\u00dfg\u00e4nger und Radfahrer aus Richtung Schlo\u00dfm\u00fchle. Egal ob Anwohner der hinteren M\u00fchltorstra\u00dfe, der Kellergasse und der Wohnstra\u00dfe &#8222;Hinter der Meisterei&#8220;, Spazierg\u00e4nger, Jogger, Busreisende, Kinder, die ins Schwimmbad oder zu den Tennispl\u00e4tzen wollen: Alle m\u00fcssen den schmalen B\u00fcrgersteig der M\u00fchltorstra\u00dfe benutzen. Dass die Stra\u00dfe [&hellip;]<\/p>\n","protected":false},"author":1,"featured_media":0,"parent":0,"menu_order":0,"comment_status":"closed","ping_status":"closed","template":"","meta":{"footnotes":""},"class_list":["post-68","page","type-page","status-publish","hentry"],"_links":{"self":[{"href":"https:\/\/www.buergerforum-steinerneshaus.de\/wordpress\/index.php?rest_route=\/wp\/v2\/pages\/68"}],"collection":[{"href":"https:\/\/www.buergerforum-steinerneshaus.de\/wordpress\/index.php?rest_route=\/wp\/v2\/pages"}],"about":[{"href":"https:\/\/www.buergerforum-steinerneshaus.de\/wordpress\/index.php?rest_route=\/wp\/v2\/types\/page"}],"author":[{"embeddable":true,"href":"https:\/\/www.buergerforum-steinerneshaus.de\/wordpress\/index.php?rest_route=\/wp\/v2\/users\/1"}],"replies":[{"embeddable":true,"href":"https:\/\/www.buergerforum-steinerneshaus.de\/wordpress\/index.php?rest_route=%2Fwp%2Fv2%2Fcomments&post=68"}],"version-history":[{"count":27,"href":"https:\/\/www.buergerforum-steinerneshaus.de\/wordpress\/index.php?rest_route=\/wp\/v2\/pages\/68\/revisions"}],"predecessor-version":[{"id":970,"href":"https:\/\/www.buergerforum-steinerneshaus.de\/wordpress\/index.php?rest_route=\/wp\/v2\/pages\/68\/revisions\/970"}],"wp:attachment":[{"href":"https:\/\/www.buergerforum-steinerneshaus.de\/wordpress\/index.php?rest_route=%2Fwp%2Fv2%2Fmedia&parent=68"}],"curies":[{"name":"wp","href":"https:\/\/api.w.org\/{rel}","templated":true}]}}