{"id":45,"date":"2014-01-06T17:58:46","date_gmt":"2014-01-06T15:58:46","guid":{"rendered":"http:\/\/www.buergerforum-steinerneshaus.de\/wordpress\/?page_id=45"},"modified":"2014-02-04T11:38:40","modified_gmt":"2014-02-04T09:38:40","slug":"vereinsgeschichte","status":"publish","type":"page","link":"https:\/\/www.buergerforum-steinerneshaus.de\/wordpress\/?page_id=45","title":{"rendered":"Wie alles begann"},"content":{"rendered":"<p>Im Januar 2006 gr\u00fcndete eine Gruppe B\u00fcdinger B\u00fcrger den Verein \u201eB\u00fcrgerforum Steinernes Haus\u201c. Das Konzept der Initiative verfolgt das Ziel, das mittelalterliche Ensemble des Steinernen Hauses zu erhalten und seine Sanierung zu f\u00f6rdern. Das gotische Hauptgeb\u00e4ude stellt mit seinem markanten Treppengiebel und dem verzierten Erker den stadtbildpr\u00e4genden Abschlu\u00df der Altstadt in Richtung S\u00fcden dar, zum Anwesen geh\u00f6ren au\u00dferdem der gro\u00dfe umfriedete Hof mit der inneren Stadtmauer als s\u00fcdlicher Begrenzung sowie dem davor gelegenen Teil des Meliorsgrabens bis zur \u00e4u\u00dferen Stadtmauer. Der Zustand des seit langem leerstehenden Geb\u00e4udes verschlechtert sich zusehens, so da\u00df derzeit keineswegs gesichert erscheint, da\u00df das etwa 500 Jahre alte Gem\u00e4uer weitere 500 Jahre an diesem Platz stehen wird. <\/p>\n<p>Der Verein ist als gemeinn\u00fctzig anerkannt und in das Vereinsregister eingetragen. Im Zentrum der T\u00e4tigkeit steht das F\u00fchren von Gespr\u00e4chen mit Eigent\u00fcmern, Beh\u00f6rden und Interessengruppen, das Gewinnen weiterer Mitglieder sowie die Vorbereitung von Aktionen, die das Geb\u00e4ude und das Konzept des Vereins der \u00d6ffentlichkeit vorstellen.<\/p>\n<p><a href=\"http:\/\/www.buergerforum-steinerneshaus.de\/wordpress\/wp-content\/uploads\/2014\/01\/1Steinernes-Haus.png\"><img loading=\"lazy\" decoding=\"async\" src=\"http:\/\/www.buergerforum-steinerneshaus.de\/wordpress\/wp-content\/uploads\/2014\/01\/1Steinernes-Haus.png\" alt=\"1Steinernes Haus\" width=\"121\" height=\"200\" class=\"alignnone size-full wp-image-233\" \/><\/a><\/p>\n<p><strong>Fusion B\u00fcrgerforum Steinernes Haus &#8211; F\u00f6rderkreis Altstadt B\u00fcdingen <\/strong><\/p>\n<p>Anfang 2008 gelang es dem F\u00f6rderkreis B\u00fcdingen nicht mehr, einen neuen Vorstand zu gewinnen. Der Verein hat sich deshalb aufgel\u00f6st. Der F\u00f6rderkreis m\u00f6chte, dass wir  seine Initiativen im Sinne unserer gemeinsamen Ziele fortleben lassen. <\/p>\n<p>Der Vorstand des F\u00f6rderkreises hat in der Aufl\u00f6sungsversammlung am 03. M\u00e4rz 2008 seinen Mitgliedern den Beitritt in das B\u00fcrgerforum empfohlen, viele sind dieser Empfehlung auch spontan gefolgt. Sicherlich sind wir der Verein, der mit seinen inzwischen erweiterten satzungsgem\u00e4\u00dfen Zielen inhaltlich dem F\u00f6rderkreis am n\u00e4chsten steht, so dass wir dieses Vorgehen nur als folgerichtig sehen. Ebenso wird unser urspr\u00fcngliches Anliegen, der Erhalt und die Wiederbelebung des Steinernen Hauses, auf eine breitere Basis gestellt werden, und durch unseren Vereinsnamen und das \u201aAltstadtwahrzeichen\u2019 im Logo deutlich im \u00f6ffentlichen Fokus bleiben.  <\/p>\n","protected":false},"excerpt":{"rendered":"<p>Im Januar 2006 gr\u00fcndete eine Gruppe B\u00fcdinger B\u00fcrger den Verein \u201eB\u00fcrgerforum Steinernes Haus\u201c. Das Konzept der Initiative verfolgt das Ziel, das mittelalterliche Ensemble des Steinernen Hauses zu erhalten und seine Sanierung zu f\u00f6rdern. Das gotische Hauptgeb\u00e4ude stellt mit seinem markanten Treppengiebel und dem verzierten Erker den stadtbildpr\u00e4genden Abschlu\u00df der Altstadt in Richtung S\u00fcden dar, zum [&hellip;]<\/p>\n","protected":false},"author":1,"featured_media":0,"parent":0,"menu_order":0,"comment_status":"closed","ping_status":"closed","template":"","meta":{"footnotes":""},"class_list":["post-45","page","type-page","status-publish","hentry"],"_links":{"self":[{"href":"https:\/\/www.buergerforum-steinerneshaus.de\/wordpress\/index.php?rest_route=\/wp\/v2\/pages\/45"}],"collection":[{"href":"https:\/\/www.buergerforum-steinerneshaus.de\/wordpress\/index.php?rest_route=\/wp\/v2\/pages"}],"about":[{"href":"https:\/\/www.buergerforum-steinerneshaus.de\/wordpress\/index.php?rest_route=\/wp\/v2\/types\/page"}],"author":[{"embeddable":true,"href":"https:\/\/www.buergerforum-steinerneshaus.de\/wordpress\/index.php?rest_route=\/wp\/v2\/users\/1"}],"replies":[{"embeddable":true,"href":"https:\/\/www.buergerforum-steinerneshaus.de\/wordpress\/index.php?rest_route=%2Fwp%2Fv2%2Fcomments&post=45"}],"version-history":[{"count":10,"href":"https:\/\/www.buergerforum-steinerneshaus.de\/wordpress\/index.php?rest_route=\/wp\/v2\/pages\/45\/revisions"}],"predecessor-version":[{"id":354,"href":"https:\/\/www.buergerforum-steinerneshaus.de\/wordpress\/index.php?rest_route=\/wp\/v2\/pages\/45\/revisions\/354"}],"wp:attachment":[{"href":"https:\/\/www.buergerforum-steinerneshaus.de\/wordpress\/index.php?rest_route=%2Fwp%2Fv2%2Fmedia&parent=45"}],"curies":[{"name":"wp","href":"https:\/\/api.w.org\/{rel}","templated":true}]}}