{"id":43,"date":"2014-01-06T17:58:33","date_gmt":"2014-01-06T15:58:33","guid":{"rendered":"http:\/\/www.buergerforum-steinerneshaus.de\/wordpress\/?page_id=43"},"modified":"2018-05-25T18:28:57","modified_gmt":"2018-05-25T16:28:57","slug":"kontakt","status":"publish","type":"page","link":"https:\/\/www.buergerforum-steinerneshaus.de\/wordpress\/?page_id=43","title":{"rendered":"Impressum"},"content":{"rendered":"<p><strong>Verantwortlich f\u00fcr den Inhalt der Internetpr\u00e4sentation: <\/strong><br \/>\nB\u00fcrgerforum Steinernes Haus<br \/>\nF\u00f6rderkreis Altstadt B\u00fcdingen e.V.<br \/>\nAm Junkerngarten 19<br \/>\n63654 B\u00fcdingen<br \/>\ncontact@buergerforum-steinerneshaus.de<\/p>\n<p>Der Verein ist beim Amtsgericht Friedberg unter der Vereinsregisternummer<br \/>\nVR 2419 eingetragen.<\/p>\n<p>Die auf dieser Webseite &#8211; auch in Ausschnitten &#8211; verwendete Grafik des Steinernen Hauses hat Eva Link gezeichnet.<\/p>\n<p>+++<\/p>\n<p><strong>Mitglied werden<\/strong><\/p>\n<p>Der Verein wird getragen von Menschen, die sich f\u00fcr den Erhalt von Kulturgut und historischer Bausubstanz engagieren. Sie setzen sich f\u00fcr den Erhalt der B\u00fcdinger Altstadt und speziell der historischen Anlage Steinernes Haus ein. Wenn Sie sich angesprochen f\u00fchlen, werden Sie Mitglied. Wir freuen uns auf Sie!<\/p>\n<p><a href=\"http:\/\/www.buergerforum-steinerneshaus.de\/wordpress\/wp-content\/uploads\/2014\/03\/aufnahme2014-IBAN.pdf\">Antrag auf Mitgliedschaft im B\u00fcrgerforum Steinernes Haus &#8211; F\u00f6rderkreis B\u00fcdinger Altstadt e.V.<\/a><\/p>\n<p>Mitglied werden kann jede nat\u00fcrliche Person ab 14 Jahre. Dar\u00fcber hinaus k\u00f6nnen auch juristische Personen, sofern sie die Zwecke des Vereins unterst\u00fctzen, Mitglied werden.<br \/>\nF\u00fcr weitere Informationen steht Ihnen auch die Satzung zum Download zur Verf\u00fcgung:<\/p>\n<p><a href=\"http:\/\/www.buergerforum-steinerneshaus.de\/wordpress\/wp-content\/uploads\/2014\/01\/SatzungBFSH18-02-2009.pdf\">B\u00fcrgerforum Steinernes Haus: Satzung<\/a><\/p>\n<p><strong>Spenden<\/strong><\/p>\n<p>Nat\u00fcrlich freuen wir uns auch \u00fcber einmalige oder sporadische Unterst\u00fctzungen (auch zweckgebunden f\u00fcr bestimmte Projekte m\u00f6glich) in Spendenform. Spenden nimmt unser Kto. bei der Sparkasse Oberhessen gern entgegen: IBAN DE80518500790120064843, SWIFT HELADEF1FRI. Sowohl Spenden als auch Mitgliedsbeitr\u00e4ge sind steuerlich absetzbar.<\/p>\n<p><strong>Kontakt<\/strong><\/p>\n<p>Wir freuen uns jederzeit auf Ihre Fragen und Anregungen zu unserer Arbeit. Am besten erreichen Sie uns per E-Mail:<\/p>\n<p>contact@buergerforum-steinerneshaus.de<\/p>\n<p>Sie erreichen uns auch unter oben genannter Adresse.<\/p>\n<p>&nbsp;<\/p>\n","protected":false},"excerpt":{"rendered":"<p>Verantwortlich f\u00fcr den Inhalt der Internetpr\u00e4sentation: B\u00fcrgerforum Steinernes Haus F\u00f6rderkreis Altstadt B\u00fcdingen e.V. Am Junkerngarten 19 63654 B\u00fcdingen contact@buergerforum-steinerneshaus.de Der Verein ist beim Amtsgericht Friedberg unter der Vereinsregisternummer VR 2419 eingetragen. Die auf dieser Webseite &#8211; auch in Ausschnitten &#8211; verwendete Grafik des Steinernen Hauses hat Eva Link gezeichnet. +++ Mitglied werden Der Verein wird [&hellip;]<\/p>\n","protected":false},"author":1,"featured_media":0,"parent":0,"menu_order":0,"comment_status":"closed","ping_status":"closed","template":"","meta":{"footnotes":""},"class_list":["post-43","page","type-page","status-publish","hentry"],"_links":{"self":[{"href":"https:\/\/www.buergerforum-steinerneshaus.de\/wordpress\/index.php?rest_route=\/wp\/v2\/pages\/43"}],"collection":[{"href":"https:\/\/www.buergerforum-steinerneshaus.de\/wordpress\/index.php?rest_route=\/wp\/v2\/pages"}],"about":[{"href":"https:\/\/www.buergerforum-steinerneshaus.de\/wordpress\/index.php?rest_route=\/wp\/v2\/types\/page"}],"author":[{"embeddable":true,"href":"https:\/\/www.buergerforum-steinerneshaus.de\/wordpress\/index.php?rest_route=\/wp\/v2\/users\/1"}],"replies":[{"embeddable":true,"href":"https:\/\/www.buergerforum-steinerneshaus.de\/wordpress\/index.php?rest_route=%2Fwp%2Fv2%2Fcomments&post=43"}],"version-history":[{"count":18,"href":"https:\/\/www.buergerforum-steinerneshaus.de\/wordpress\/index.php?rest_route=\/wp\/v2\/pages\/43\/revisions"}],"predecessor-version":[{"id":1655,"href":"https:\/\/www.buergerforum-steinerneshaus.de\/wordpress\/index.php?rest_route=\/wp\/v2\/pages\/43\/revisions\/1655"}],"wp:attachment":[{"href":"https:\/\/www.buergerforum-steinerneshaus.de\/wordpress\/index.php?rest_route=%2Fwp%2Fv2%2Fmedia&parent=43"}],"curies":[{"name":"wp","href":"https:\/\/api.w.org\/{rel}","templated":true}]}}