{"id":39,"date":"2014-01-06T17:58:17","date_gmt":"2014-01-06T15:58:17","guid":{"rendered":"http:\/\/www.buergerforum-steinerneshaus.de\/wordpress\/?page_id=39"},"modified":"2014-02-04T11:38:34","modified_gmt":"2014-02-04T09:38:34","slug":"vorstand","status":"publish","type":"page","link":"https:\/\/www.buergerforum-steinerneshaus.de\/wordpress\/?page_id=39","title":{"rendered":"Vorstand"},"content":{"rendered":"<p><a href=\"http:\/\/www.buergerforum-steinerneshaus.de\/wordpress\/wp-content\/uploads\/2014\/01\/Steinernes-haus-3.jpg\"><\/a>Der Vorstand besteht aus vier Mitgliedern, die alle zwei Jahre von einer Mitgliederversammlung gew\u00e4hlt werden. <\/p>\n<div id=\"attachment_477\" style=\"width: 710px\" class=\"wp-caption aligncenter\"><a href=\"http:\/\/www.buergerforum-steinerneshaus.de\/wordpress\/wp-content\/uploads\/2014\/02\/2-1311-Br\u00fccke-030.jpg\"target=\"_blank\"><img loading=\"lazy\" decoding=\"async\" aria-describedby=\"caption-attachment-477\" src=\"http:\/\/www.buergerforum-steinerneshaus.de\/wordpress\/wp-content\/uploads\/2014\/02\/2-1311-Br\u00fccke-030.jpg\" alt=\"v.l.: Hubertus Protz, Thomas Geiss, Hans Joachim Beckmann, Karl-Heinz Trebing\" width=\"700\" height=\"465\" class=\"size-full wp-image-477\" srcset=\"https:\/\/www.buergerforum-steinerneshaus.de\/wordpress\/wp-content\/uploads\/2014\/02\/2-1311-Br\u00fccke-030.jpg 700w, https:\/\/www.buergerforum-steinerneshaus.de\/wordpress\/wp-content\/uploads\/2014\/02\/2-1311-Br\u00fccke-030-300x199.jpg 300w, https:\/\/www.buergerforum-steinerneshaus.de\/wordpress\/wp-content\/uploads\/2014\/02\/2-1311-Br\u00fccke-030-624x414.jpg 624w\" sizes=\"(max-width: 700px) 100vw, 700px\" \/><\/a><p id=\"caption-attachment-477\" class=\"wp-caption-text\">v.l.: Hubertus Protz, Thomas Geiss, Hans Joachim Beckmann, Karl-Heinz Trebing<\/p><\/div>\n<p>Seit 2012 sind das: der 1. Vorsitzende Hubertus Protz, der 2. Vorsitzende Karl-Heinz Trebing, Schriftf\u00fchrer Hans Joachim Beckmann und Kassenwart Thomas Geiss. Das Foto ist genau an der Stelle aufgenommen, an der die neue Br\u00fccke im Fr\u00fchjahr\/Sommer 2014 der B\u00fcdiner \u00d6ffentlichkeit \u00fcbergeben wird.<\/p>\n<p>Die Vorstandsmitglieder sind per E-Mail erreichbar:<br \/>\n<a href=\"mailto:vorstand1@buergerforum-steinerneshaus.de\">1. Vorsitzender<\/a>: Hubertus Protz<br \/>\n<a href=\"mailto:vorstand2@buergerforum-steinerneshaus.de\">2. Vorsitzender<\/a>: Karl-Heinz Trebing<br \/>\n<a href=\"mailto:schriftfuehrer@buergerforum-steinerneshaus.de\">Schriftf\u00fchrer<\/a>: Hans Joachim Beckmann<br \/>\n<a href=\"mailto:kasse@buergerforum-steinerneshaus.de\">Kassenwart<\/a>: Thomas Geiss<\/p>\n","protected":false},"excerpt":{"rendered":"<p>Der Vorstand besteht aus vier Mitgliedern, die alle zwei Jahre von einer Mitgliederversammlung gew\u00e4hlt werden. Seit 2012 sind das: der 1. Vorsitzende Hubertus Protz, der 2. Vorsitzende Karl-Heinz Trebing, Schriftf\u00fchrer Hans Joachim Beckmann und Kassenwart Thomas Geiss. Das Foto ist genau an der Stelle aufgenommen, an der die neue Br\u00fccke im Fr\u00fchjahr\/Sommer 2014 der B\u00fcdiner [&hellip;]<\/p>\n","protected":false},"author":1,"featured_media":0,"parent":0,"menu_order":0,"comment_status":"closed","ping_status":"closed","template":"","meta":{"footnotes":""},"class_list":["post-39","page","type-page","status-publish","hentry"],"_links":{"self":[{"href":"https:\/\/www.buergerforum-steinerneshaus.de\/wordpress\/index.php?rest_route=\/wp\/v2\/pages\/39"}],"collection":[{"href":"https:\/\/www.buergerforum-steinerneshaus.de\/wordpress\/index.php?rest_route=\/wp\/v2\/pages"}],"about":[{"href":"https:\/\/www.buergerforum-steinerneshaus.de\/wordpress\/index.php?rest_route=\/wp\/v2\/types\/page"}],"author":[{"embeddable":true,"href":"https:\/\/www.buergerforum-steinerneshaus.de\/wordpress\/index.php?rest_route=\/wp\/v2\/users\/1"}],"replies":[{"embeddable":true,"href":"https:\/\/www.buergerforum-steinerneshaus.de\/wordpress\/index.php?rest_route=%2Fwp%2Fv2%2Fcomments&post=39"}],"version-history":[{"count":32,"href":"https:\/\/www.buergerforum-steinerneshaus.de\/wordpress\/index.php?rest_route=\/wp\/v2\/pages\/39\/revisions"}],"predecessor-version":[{"id":478,"href":"https:\/\/www.buergerforum-steinerneshaus.de\/wordpress\/index.php?rest_route=\/wp\/v2\/pages\/39\/revisions\/478"}],"wp:attachment":[{"href":"https:\/\/www.buergerforum-steinerneshaus.de\/wordpress\/index.php?rest_route=%2Fwp%2Fv2%2Fmedia&parent=39"}],"curies":[{"name":"wp","href":"https:\/\/api.w.org\/{rel}","templated":true}]}}