{"id":341,"date":"2014-01-10T10:15:00","date_gmt":"2014-01-10T08:15:00","guid":{"rendered":"http:\/\/www.buergerforum-steinerneshaus.de\/wordpress\/?page_id=341"},"modified":"2014-02-05T11:22:29","modified_gmt":"2014-02-05T09:22:29","slug":"geschichte-des-steinernen-hauses","status":"publish","type":"page","link":"https:\/\/www.buergerforum-steinerneshaus.de\/wordpress\/?page_id=341","title":{"rendered":"Geschichte des Hauses"},"content":{"rendered":"<p><strong>\u201eUnd was macht das Steinerne Haus?\u201c <\/strong><\/p>\n<p>Es steht da und trotzt der Zeit. Schon lange sind die letzten Bewohner ausgezogen.<\/p>\n<p>Im Vorgriff auf ein nie gefundenes Nutzungskonzept wurden zuletzt Ende der 1990er Jahre die D\u00e4cher saniert und die Turmspitze des Erkers erg\u00e4nzt \u2013 dies mit Unterst\u00fctzung des damaligen F\u00f6rderkreises B\u00fcdingen. Hinzu kam eine innere \u201eEntkernung\u201c, so dass das Geb\u00e4ude heute z.B. keine Heizung hat. Seitdem werden nach und nach immer mehr Fensterscheiben eingeworfen und die Fenster mit Brettern vernagelt. Einzige Funktion des verfallenden Gem\u00e4uers ist heute die eines Plakatst\u00e4nders f\u00fcr die f\u00fcrstliche Landpartie.<\/p>\n<div id=\"attachment_335\" style=\"width: 635px\" class=\"wp-caption alignnone\"><a href=\"http:\/\/www.buergerforum-steinerneshaus.de\/wordpress\/wp-content\/uploads\/2014\/01\/2014-01-04-12.22.21.jpg\" target=\"_blank\"><img loading=\"lazy\" decoding=\"async\" aria-describedby=\"caption-attachment-335\" class=\"size-large wp-image-335\" alt=\"Steinernes Haus vom Meliorsdamm aus gesehen\" src=\"http:\/\/www.buergerforum-steinerneshaus.de\/wordpress\/wp-content\/uploads\/2014\/01\/2014-01-04-12.22.21-1024x768.jpg\" width=\"625\" height=\"468\" srcset=\"https:\/\/www.buergerforum-steinerneshaus.de\/wordpress\/wp-content\/uploads\/2014\/01\/2014-01-04-12.22.21-1024x768.jpg 1024w, https:\/\/www.buergerforum-steinerneshaus.de\/wordpress\/wp-content\/uploads\/2014\/01\/2014-01-04-12.22.21-300x225.jpg 300w, https:\/\/www.buergerforum-steinerneshaus.de\/wordpress\/wp-content\/uploads\/2014\/01\/2014-01-04-12.22.21-624x467.jpg 624w\" sizes=\"(max-width: 625px) 100vw, 625px\" \/><\/a><p id=\"caption-attachment-335\" class=\"wp-caption-text\">Steinernes Haus vom Meliorsdamm aus gesehen<\/p><\/div>\n<p>Erbaut wurde das Steinerne Haus in der f\u00fcr B\u00fcdingen wichtigsten Phase wirtschaftlicher Bl\u00fcte um das Jahr 1500. Die Ysenburger stellten damals den Mainzer Erzbischof &#8211; und in diesem Zusammenhang kam auch der B\u00fcdinger Graf Ludwig II zu Geld und Macht. Dessen j\u00fcngster Sohn Johann baute sich schlie\u00dflich an exponierter Stelle ein herrschaftliches Anwesen, eine Art Burg in der Stadt, die in das Festungswerk an der (ca. 1820 abgerissenen) M\u00fchlpforte integriert wurde. Im Unterschied zu den meisten \u00fcbrigen H\u00e4usern der Altstadt erhielt das Geb\u00e4ude W\u00e4nde und Fassaden komplett aus Stein \u2013 daher der Name. Am Holz des Dachgeb\u00e4lks lie\u00df sich nachweisen, dass die B\u00e4ume im Jahr 1511 geschlagen wurden. Somit liegt das Baujahr des Steinernen Hauses etwas sp\u00e4ter als das der Marienkirche oder der Festungswerke.<\/p>\n<p>Mitte des 16. Jahrhunderts kam das Steinerne Haus in den Besitz des Grafen Anthon, eines Neffen des Erbauers. Dieser gab unter anderem den zweist\u00f6ckigen Erker und den Brunnen im Hof in Auftrag, bewohnte das Geb\u00e4ude aber nicht, sondern nutzte es nur sporadisch als \u201eG\u00e4stehaus\u201c bei Feierlichkeiten der Ysenburger. 1592 gelangte das Haus in b\u00fcrgerliche H\u00e4nde: Es wurde dem gr\u00e4flichen Mitarbeiter Martin Bentz verkauft, der im Inneren nochmals Umbauten vornahm. Eine zus\u00e4tzliche Geschossdecke im Erdgeschoss, die Vermauerung der gro\u00dfen Fenster und die Stuckdecken stammen aus dieser Zeit. Erst ein Jahrhundert sp\u00e4ter erwarben die Ysenburger das Haus zur\u00fcck, das seitdem als Dienstwohnung leitender Beamter, Amtssitz des Forstmeisters, Sitz der Justizkanzlei, sp\u00e4ter des Landgerichts, \u201eKleinkinderschule\u201c und staatliches Hochbauamt diente. Nach dem Auszug der Beh\u00f6rde Anfang der Siebziger Jahre des 20. Jahrhunderts hielten noch einige Bewohner eine Zeitlang in dem Geb\u00e4ude aus, bis es den Status der Unbewohnbarkeit erreichte. Und so schlie\u00dft sich der Kreis.<\/p>\n<p>\u201eDas Steinerne Haus steht da schon 500 Jahre und wird noch weitere 500 Jahre dort stehen.\u201c <em><br \/>\nCasimir zu Ysenburg und B\u00fcdingen<br \/>\n<\/em><\/p>\n<p>Umfangreiche Informationen zur Geschichte des Steinernen Hauses finden Sie in nachfolgendem Aufsatz von Klaus-Peter Decker: <a href=\"http:\/\/www.buergerforum-steinerneshaus.de\/wordpress\/wp-content\/uploads\/2014\/01\/Steinernes-Haus-Geschichte.pdf\"target=:\"_blank\">Das &#8222;Steinerne Haus&#8220; in B\u00fcdingen &#8211; Anmerkungen zu seiner Geschichte<\/a>.<\/p>\n","protected":false},"excerpt":{"rendered":"<p>\u201eUnd was macht das Steinerne Haus?\u201c Es steht da und trotzt der Zeit. Schon lange sind die letzten Bewohner ausgezogen. Im Vorgriff auf ein nie gefundenes Nutzungskonzept wurden zuletzt Ende der 1990er Jahre die D\u00e4cher saniert und die Turmspitze des Erkers erg\u00e4nzt \u2013 dies mit Unterst\u00fctzung des damaligen F\u00f6rderkreises B\u00fcdingen. Hinzu kam eine innere \u201eEntkernung\u201c, [&hellip;]<\/p>\n","protected":false},"author":1,"featured_media":0,"parent":0,"menu_order":0,"comment_status":"closed","ping_status":"closed","template":"","meta":{"footnotes":""},"class_list":["post-341","page","type-page","status-publish","hentry"],"_links":{"self":[{"href":"https:\/\/www.buergerforum-steinerneshaus.de\/wordpress\/index.php?rest_route=\/wp\/v2\/pages\/341"}],"collection":[{"href":"https:\/\/www.buergerforum-steinerneshaus.de\/wordpress\/index.php?rest_route=\/wp\/v2\/pages"}],"about":[{"href":"https:\/\/www.buergerforum-steinerneshaus.de\/wordpress\/index.php?rest_route=\/wp\/v2\/types\/page"}],"author":[{"embeddable":true,"href":"https:\/\/www.buergerforum-steinerneshaus.de\/wordpress\/index.php?rest_route=\/wp\/v2\/users\/1"}],"replies":[{"embeddable":true,"href":"https:\/\/www.buergerforum-steinerneshaus.de\/wordpress\/index.php?rest_route=%2Fwp%2Fv2%2Fcomments&post=341"}],"version-history":[{"count":17,"href":"https:\/\/www.buergerforum-steinerneshaus.de\/wordpress\/index.php?rest_route=\/wp\/v2\/pages\/341\/revisions"}],"predecessor-version":[{"id":502,"href":"https:\/\/www.buergerforum-steinerneshaus.de\/wordpress\/index.php?rest_route=\/wp\/v2\/pages\/341\/revisions\/502"}],"wp:attachment":[{"href":"https:\/\/www.buergerforum-steinerneshaus.de\/wordpress\/index.php?rest_route=%2Fwp%2Fv2%2Fmedia&parent=341"}],"curies":[{"name":"wp","href":"https:\/\/api.w.org\/{rel}","templated":true}]}}