{"id":25,"date":"2014-01-06T17:53:49","date_gmt":"2014-01-06T15:53:49","guid":{"rendered":"http:\/\/www.buergerforum-steinerneshaus.de\/wordpress\/?page_id=25"},"modified":"2014-02-04T11:38:12","modified_gmt":"2014-02-04T09:38:12","slug":"presse","status":"publish","type":"page","link":"https:\/\/www.buergerforum-steinerneshaus.de\/wordpress\/?page_id=25","title":{"rendered":"Presse"},"content":{"rendered":"<p>Auf den folgenden Seiten finden Sie unsere aktuelle Pressemitteilungen und aktuelle Fotos.<br \/>\nFalls Sie Fragen haben &#8211; oder \u00fcber uns berichten m\u00f6chten, k\u00f6nnen Sie sich gern an uns wenden: <a href=\"mailto:contact@buergerforum-steinerneshaus.de\">contact@buergerforum-steinerneshaus.de<\/a><\/p>\n<p>Au\u00dferdem ein Hinweis: Sie k\u00f6nnen unser Engagement auch auf Facebook mitverfolgen. Werden Sie ein B\u00fcrgerforum Steinernes Haus-Fan!<\/p>\n<p><a href=\"http:\/\/www.buergerforum-steinerneshaus.de\/wordpress\/wp-content\/uploads\/2014\/01\/fb-b\u00fcgerforum1.png\"target=\"_blank\"><img loading=\"lazy\" decoding=\"async\" src=\"http:\/\/www.buergerforum-steinerneshaus.de\/wordpress\/wp-content\/uploads\/2014\/01\/fb-b\u00fcgerforum1-300x215.png\" alt=\"fb-b\u00fcgerforum\" width=\"300\" height=\"215\" class=\"alignnone size-medium wp-image-251\" srcset=\"https:\/\/www.buergerforum-steinerneshaus.de\/wordpress\/wp-content\/uploads\/2014\/01\/fb-b\u00fcgerforum1-300x215.png 300w, https:\/\/www.buergerforum-steinerneshaus.de\/wordpress\/wp-content\/uploads\/2014\/01\/fb-b\u00fcgerforum1-624x448.png 624w, https:\/\/www.buergerforum-steinerneshaus.de\/wordpress\/wp-content\/uploads\/2014\/01\/fb-b\u00fcgerforum1.png 923w\" sizes=\"(max-width: 300px) 100vw, 300px\" \/><\/a><\/p>\n","protected":false},"excerpt":{"rendered":"<p>Auf den folgenden Seiten finden Sie unsere aktuelle Pressemitteilungen und aktuelle Fotos. Falls Sie Fragen haben &#8211; oder \u00fcber uns berichten m\u00f6chten, k\u00f6nnen Sie sich gern an uns wenden: contact@buergerforum-steinerneshaus.de Au\u00dferdem ein Hinweis: Sie k\u00f6nnen unser Engagement auch auf Facebook mitverfolgen. Werden Sie ein B\u00fcrgerforum Steinernes Haus-Fan!<\/p>\n","protected":false},"author":1,"featured_media":0,"parent":0,"menu_order":0,"comment_status":"closed","ping_status":"closed","template":"","meta":{"footnotes":""},"class_list":["post-25","page","type-page","status-publish","hentry"],"_links":{"self":[{"href":"https:\/\/www.buergerforum-steinerneshaus.de\/wordpress\/index.php?rest_route=\/wp\/v2\/pages\/25"}],"collection":[{"href":"https:\/\/www.buergerforum-steinerneshaus.de\/wordpress\/index.php?rest_route=\/wp\/v2\/pages"}],"about":[{"href":"https:\/\/www.buergerforum-steinerneshaus.de\/wordpress\/index.php?rest_route=\/wp\/v2\/types\/page"}],"author":[{"embeddable":true,"href":"https:\/\/www.buergerforum-steinerneshaus.de\/wordpress\/index.php?rest_route=\/wp\/v2\/users\/1"}],"replies":[{"embeddable":true,"href":"https:\/\/www.buergerforum-steinerneshaus.de\/wordpress\/index.php?rest_route=%2Fwp%2Fv2%2Fcomments&post=25"}],"version-history":[{"count":9,"href":"https:\/\/www.buergerforum-steinerneshaus.de\/wordpress\/index.php?rest_route=\/wp\/v2\/pages\/25\/revisions"}],"predecessor-version":[{"id":446,"href":"https:\/\/www.buergerforum-steinerneshaus.de\/wordpress\/index.php?rest_route=\/wp\/v2\/pages\/25\/revisions\/446"}],"wp:attachment":[{"href":"https:\/\/www.buergerforum-steinerneshaus.de\/wordpress\/index.php?rest_route=%2Fwp%2Fv2%2Fmedia&parent=25"}],"curies":[{"name":"wp","href":"https:\/\/api.w.org\/{rel}","templated":true}]}}