{"id":23,"date":"2014-01-06T17:23:02","date_gmt":"2014-01-06T15:23:02","guid":{"rendered":"http:\/\/www.buergerforum-steinerneshaus.de\/wordpress\/?page_id=23"},"modified":"2015-07-24T18:30:19","modified_gmt":"2015-07-24T16:30:19","slug":"garten-koelsch","status":"publish","type":"page","link":"https:\/\/www.buergerforum-steinerneshaus.de\/wordpress\/?page_id=23","title":{"rendered":"Garten K\u00f6lsch"},"content":{"rendered":"<p>Der Verein B\u00fcrgerforum Steinernes Haus F\u00f6rderkreis B\u00fcdingen e.V. hat sich in Nachfolge des F\u00f6rderkreises B\u00fcdingen e.V. dazu bereit erkl\u00e4rt, die Pflege des Garten K\u00f6lsch finanziell zu unterst\u00fctzen. Somit ist die Anschaffung von Ger\u00e4ten, Pflanzen, das Drucken von Flyern, etc. gesichert. Allerdings k\u00f6nnte der Garten ohne die ehrenamtliche Pflege durch die B\u00fcdinger B\u00fcrger nicht bestehen.<\/p>\n<p><a href=\"http:\/\/www.buergerforum-steinerneshaus.de\/wordpress\/wp-content\/uploads\/2014\/01\/WP-B\u00fcfo-Garten-K\u00f6lsch1.jpg\"target=\"_blank\"><img loading=\"lazy\" decoding=\"async\" src=\"http:\/\/www.buergerforum-steinerneshaus.de\/wordpress\/wp-content\/uploads\/2014\/01\/WP-B\u00fcfo-Garten-K\u00f6lsch1.jpg\" alt=\"WP B\u00fcfo Garten K\u00f6lsch\" width=\"725\" height=\"484\" class=\"aligncenter size-full wp-image-1168\" srcset=\"https:\/\/www.buergerforum-steinerneshaus.de\/wordpress\/wp-content\/uploads\/2014\/01\/WP-B\u00fcfo-Garten-K\u00f6lsch1.jpg 725w, https:\/\/www.buergerforum-steinerneshaus.de\/wordpress\/wp-content\/uploads\/2014\/01\/WP-B\u00fcfo-Garten-K\u00f6lsch1-300x200.jpg 300w, https:\/\/www.buergerforum-steinerneshaus.de\/wordpress\/wp-content\/uploads\/2014\/01\/WP-B\u00fcfo-Garten-K\u00f6lsch1-624x417.jpg 624w\" sizes=\"(max-width: 725px) 100vw, 725px\" \/><\/a><\/p>\n<p>Mehr dazu erfahren Sie unter <a href=\"http:\/\/www.gartenk\u00f6lsch.de\/\">www.gartenk\u00f6lsch.de<\/a>.<br \/>\nHier gelangen Sie direkt zur <a href=\"http:\/\/gartenkoelsch.de\/?page_id=149\" target=\"_blank\">Bildergalerie des Gartens K\u00f6lsch<\/a>. (externer Link)<\/p>\n<p>Interessierte B\u00fcrgerinnen\/B\u00fcrger, die die Pflegegruppe bei der Arbeit unterst\u00fctzen wollen, sind jederzeit willkommen. <\/p>\n<p>Kontakt: Anette Sch\u00f6tt 06042-953627 oder <a href=\"mailto:a.schoett@t-online.de\">a.schoett@t-online.de<\/a><\/p>\n","protected":false},"excerpt":{"rendered":"<p>Der Verein B\u00fcrgerforum Steinernes Haus F\u00f6rderkreis B\u00fcdingen e.V. hat sich in Nachfolge des F\u00f6rderkreises B\u00fcdingen e.V. dazu bereit erkl\u00e4rt, die Pflege des Garten K\u00f6lsch finanziell zu unterst\u00fctzen. Somit ist die Anschaffung von Ger\u00e4ten, Pflanzen, das Drucken von Flyern, etc. gesichert. Allerdings k\u00f6nnte der Garten ohne die ehrenamtliche Pflege durch die B\u00fcdinger B\u00fcrger nicht bestehen. Mehr [&hellip;]<\/p>\n","protected":false},"author":1,"featured_media":0,"parent":0,"menu_order":0,"comment_status":"closed","ping_status":"closed","template":"","meta":{"footnotes":""},"class_list":["post-23","page","type-page","status-publish","hentry"],"_links":{"self":[{"href":"https:\/\/www.buergerforum-steinerneshaus.de\/wordpress\/index.php?rest_route=\/wp\/v2\/pages\/23"}],"collection":[{"href":"https:\/\/www.buergerforum-steinerneshaus.de\/wordpress\/index.php?rest_route=\/wp\/v2\/pages"}],"about":[{"href":"https:\/\/www.buergerforum-steinerneshaus.de\/wordpress\/index.php?rest_route=\/wp\/v2\/types\/page"}],"author":[{"embeddable":true,"href":"https:\/\/www.buergerforum-steinerneshaus.de\/wordpress\/index.php?rest_route=\/wp\/v2\/users\/1"}],"replies":[{"embeddable":true,"href":"https:\/\/www.buergerforum-steinerneshaus.de\/wordpress\/index.php?rest_route=%2Fwp%2Fv2%2Fcomments&post=23"}],"version-history":[{"count":17,"href":"https:\/\/www.buergerforum-steinerneshaus.de\/wordpress\/index.php?rest_route=\/wp\/v2\/pages\/23\/revisions"}],"predecessor-version":[{"id":1175,"href":"https:\/\/www.buergerforum-steinerneshaus.de\/wordpress\/index.php?rest_route=\/wp\/v2\/pages\/23\/revisions\/1175"}],"wp:attachment":[{"href":"https:\/\/www.buergerforum-steinerneshaus.de\/wordpress\/index.php?rest_route=%2Fwp%2Fv2%2Fmedia&parent=23"}],"curies":[{"name":"wp","href":"https:\/\/api.w.org\/{rel}","templated":true}]}}