{"id":21,"date":"2014-01-06T17:22:44","date_gmt":"2014-01-06T15:22:44","guid":{"rendered":"http:\/\/www.buergerforum-steinerneshaus.de\/wordpress\/?page_id=21"},"modified":"2018-05-14T15:47:44","modified_gmt":"2018-05-14T13:47:44","slug":"die-bruecke","status":"publish","type":"page","link":"https:\/\/www.buergerforum-steinerneshaus.de\/wordpress\/?page_id=21","title":{"rendered":"Die Br\u00fccke"},"content":{"rendered":"<div id=\"attachment_12\" style=\"width: 785px\" class=\"wp-caption alignnone\"><a href=\"http:\/\/www.buergerforum-steinerneshaus.de\/wordpress\/wp-content\/uploads\/2013\/12\/AxelGallunLogo1.jpg\" target=\"_blank\" rel=\"noopener\"><img loading=\"lazy\" decoding=\"async\" aria-describedby=\"caption-attachment-12\" class=\"size-full wp-image-12\" src=\"http:\/\/www.buergerforum-steinerneshaus.de\/wordpress\/wp-content\/uploads\/2013\/12\/AxelGallunLogo1.jpg\" alt=\"Zeichnung: Axel Gallun\" width=\"775\" height=\"300\" srcset=\"https:\/\/www.buergerforum-steinerneshaus.de\/wordpress\/wp-content\/uploads\/2013\/12\/AxelGallunLogo1.jpg 775w, https:\/\/www.buergerforum-steinerneshaus.de\/wordpress\/wp-content\/uploads\/2013\/12\/AxelGallunLogo1-300x116.jpg 300w\" sizes=\"(max-width: 775px) 100vw, 775px\" \/><\/a><p id=\"caption-attachment-12\" class=\"wp-caption-text\">Zeichnung: Axel Gallun<\/p><\/div>\n<p>Spazierg\u00e4nger, Jogger, Busreisende, Anwohner, Schwimmbad- und Tennisplatzbesucher: Alle k\u00f6nnen den neuen \u00dcbergang nutzen.<br \/>\nDer Verein B\u00fcrgerforum Steinernes Haus hat den Bau nicht nur angeregt, sondern ihn mit Spenden finanziert. Noch fehlen ein paar tausend Euro. Wenn auch Sie den Br\u00fcckenbau unterst\u00fctzen m\u00f6chten, k\u00f6nnen Sie das tun. Seien Sie gewiss: Jeder gespendete Cent flie\u00dft in die Br\u00fccke.<\/p>\n<p><strong>B\u00fcrgerforum Steinernes Haus F\u00f6rderkreis Altstadt B\u00fcdingen e.V.<br \/>\nIBAN DE80518500790120064843<br \/>\nSWIFT HELADEF1FRI<br \/>\nSparkasse Oberhessen.<\/strong><\/p>\n<p>Vielen Dank f\u00fcr Ihre Spende!<\/p>\n<p>&nbsp;<\/p>\n","protected":false},"excerpt":{"rendered":"<p>Spazierg\u00e4nger, Jogger, Busreisende, Anwohner, Schwimmbad- und Tennisplatzbesucher: Alle k\u00f6nnen den neuen \u00dcbergang nutzen. Der Verein B\u00fcrgerforum Steinernes Haus hat den Bau nicht nur angeregt, sondern ihn mit Spenden finanziert. Noch fehlen ein paar tausend Euro. Wenn auch Sie den Br\u00fcckenbau unterst\u00fctzen m\u00f6chten, k\u00f6nnen Sie das tun. Seien Sie gewiss: Jeder gespendete Cent flie\u00dft in die [&hellip;]<\/p>\n","protected":false},"author":1,"featured_media":0,"parent":0,"menu_order":0,"comment_status":"closed","ping_status":"closed","template":"","meta":{"footnotes":""},"class_list":["post-21","page","type-page","status-publish","hentry"],"_links":{"self":[{"href":"https:\/\/www.buergerforum-steinerneshaus.de\/wordpress\/index.php?rest_route=\/wp\/v2\/pages\/21"}],"collection":[{"href":"https:\/\/www.buergerforum-steinerneshaus.de\/wordpress\/index.php?rest_route=\/wp\/v2\/pages"}],"about":[{"href":"https:\/\/www.buergerforum-steinerneshaus.de\/wordpress\/index.php?rest_route=\/wp\/v2\/types\/page"}],"author":[{"embeddable":true,"href":"https:\/\/www.buergerforum-steinerneshaus.de\/wordpress\/index.php?rest_route=\/wp\/v2\/users\/1"}],"replies":[{"embeddable":true,"href":"https:\/\/www.buergerforum-steinerneshaus.de\/wordpress\/index.php?rest_route=%2Fwp%2Fv2%2Fcomments&post=21"}],"version-history":[{"count":22,"href":"https:\/\/www.buergerforum-steinerneshaus.de\/wordpress\/index.php?rest_route=\/wp\/v2\/pages\/21\/revisions"}],"predecessor-version":[{"id":1643,"href":"https:\/\/www.buergerforum-steinerneshaus.de\/wordpress\/index.php?rest_route=\/wp\/v2\/pages\/21\/revisions\/1643"}],"wp:attachment":[{"href":"https:\/\/www.buergerforum-steinerneshaus.de\/wordpress\/index.php?rest_route=%2Fwp%2Fv2%2Fmedia&parent=21"}],"curies":[{"name":"wp","href":"https:\/\/api.w.org\/{rel}","templated":true}]}}