{"id":1738,"date":"2019-11-29T12:45:32","date_gmt":"2019-11-29T10:45:32","guid":{"rendered":"https:\/\/www.buergerforum-steinerneshaus.de\/wordpress\/?page_id=1738"},"modified":"2019-11-29T12:45:32","modified_gmt":"2019-11-29T10:45:32","slug":"herzbergkreisel","status":"publish","type":"page","link":"https:\/\/www.buergerforum-steinerneshaus.de\/wordpress\/?page_id=1738","title":{"rendered":"Herzbergkreisel"},"content":{"rendered":"<p><a href=\"https:\/\/www.buergerforum-steinerneshaus.de\/wordpress\/wp-content\/uploads\/2018\/05\/Kreisel-e1527245359707.jpg\"><img loading=\"lazy\" decoding=\"async\" class=\"aligncenter size-full wp-image-1651\" src=\"https:\/\/www.buergerforum-steinerneshaus.de\/wordpress\/wp-content\/uploads\/2018\/05\/Kreisel-e1527245359707.jpg\" alt=\"\" width=\"740\" height=\"572\" \/><\/a><\/p>\n<p>B\u00fcdingen nennt man auch \u201edas hessische Rothenburg ob der Tauber\u201c. K\u00f6nnte daran liegen, dass es hier so viele Sehensw\u00fcrdigkeiten gibt. Wer allerdings nur der Bundestra\u00dfe folgt, wird die schmucke Vorstadt, das Jerusalemer Tor, das pr\u00e4chtige Schloss und das stolze Steinerne Haus nicht entdecken.<\/p>\n<p>Eine etwa drei Meter hohe Skulptur aus Cortenstahl steht deshalb seit einiger Zeit mitten auf dem Herzbergkreisel und greift die Silhouetten von einigen Sehensw\u00fcrdigkeiten auf. Axel Gallun hat die Plastik entworfen und gebaut.<\/p>\n<p>Wie schon den Neustadtbrunnen und die Schlossm\u00fchlenbr\u00fccke hat das B\u00fcrgerforum Steinernes Haus auch dieses Projekt mit Spenden finanziert.<\/p>\n","protected":false},"excerpt":{"rendered":"<p>B\u00fcdingen nennt man auch \u201edas hessische Rothenburg ob der Tauber\u201c. K\u00f6nnte daran liegen, dass es hier so viele Sehensw\u00fcrdigkeiten gibt. Wer allerdings nur der Bundestra\u00dfe folgt, wird die schmucke Vorstadt, das Jerusalemer Tor, das pr\u00e4chtige Schloss und das stolze Steinerne Haus nicht entdecken. Eine etwa drei Meter hohe Skulptur aus Cortenstahl steht deshalb seit einiger [&hellip;]<\/p>\n","protected":false},"author":1,"featured_media":0,"parent":0,"menu_order":0,"comment_status":"closed","ping_status":"closed","template":"","meta":{"footnotes":""},"class_list":["post-1738","page","type-page","status-publish","hentry"],"_links":{"self":[{"href":"https:\/\/www.buergerforum-steinerneshaus.de\/wordpress\/index.php?rest_route=\/wp\/v2\/pages\/1738"}],"collection":[{"href":"https:\/\/www.buergerforum-steinerneshaus.de\/wordpress\/index.php?rest_route=\/wp\/v2\/pages"}],"about":[{"href":"https:\/\/www.buergerforum-steinerneshaus.de\/wordpress\/index.php?rest_route=\/wp\/v2\/types\/page"}],"author":[{"embeddable":true,"href":"https:\/\/www.buergerforum-steinerneshaus.de\/wordpress\/index.php?rest_route=\/wp\/v2\/users\/1"}],"replies":[{"embeddable":true,"href":"https:\/\/www.buergerforum-steinerneshaus.de\/wordpress\/index.php?rest_route=%2Fwp%2Fv2%2Fcomments&post=1738"}],"version-history":[{"count":1,"href":"https:\/\/www.buergerforum-steinerneshaus.de\/wordpress\/index.php?rest_route=\/wp\/v2\/pages\/1738\/revisions"}],"predecessor-version":[{"id":1739,"href":"https:\/\/www.buergerforum-steinerneshaus.de\/wordpress\/index.php?rest_route=\/wp\/v2\/pages\/1738\/revisions\/1739"}],"wp:attachment":[{"href":"https:\/\/www.buergerforum-steinerneshaus.de\/wordpress\/index.php?rest_route=%2Fwp%2Fv2%2Fmedia&parent=1738"}],"curies":[{"name":"wp","href":"https:\/\/api.w.org\/{rel}","templated":true}]}}