{"id":1513,"date":"2017-07-04T19:32:40","date_gmt":"2017-07-04T17:32:40","guid":{"rendered":"http:\/\/www.buergerforum-steinerneshaus.de\/wordpress\/?page_id=1513"},"modified":"2017-08-22T10:56:03","modified_gmt":"2017-08-22T08:56:03","slug":"froschifizierung-und-brunnenwerdung","status":"publish","type":"page","link":"https:\/\/www.buergerforum-steinerneshaus.de\/wordpress\/?page_id=1513","title":{"rendered":"Froschifizierung und Brunnenwerdung"},"content":{"rendered":"<div class=\"entry-content\">\n<p><a href=\"http:\/\/www.buergerforum-steinerneshaus.de\/wordpress\/wp-content\/uploads\/2017\/08\/P8190804-e1503379135619.jpg\"><img loading=\"lazy\" decoding=\"async\" class=\"aligncenter size-full wp-image-1559\" src=\"http:\/\/www.buergerforum-steinerneshaus.de\/wordpress\/wp-content\/uploads\/2017\/08\/P8190804-e1503379135619.jpg\" alt=\"\" width=\"725\" height=\"408\" \/><\/a>19. August 2017. Die Einweihung des Brunnens feiern viele B\u00fcdinger und Freunde der Stadt mit uns.<\/p>\n<p style=\"text-align: center;\">+++<\/p>\n<p><a href=\"http:\/\/www.buergerforum-steinerneshaus.de\/wordpress\/wp-content\/uploads\/2017\/07\/P8161039-e1503392030258.jpg\"><img loading=\"lazy\" decoding=\"async\" class=\"aligncenter size-full wp-image-1578\" src=\"http:\/\/www.buergerforum-steinerneshaus.de\/wordpress\/wp-content\/uploads\/2017\/07\/P8161039-e1503392030258.jpg\" alt=\"\" width=\"408\" height=\"725\" \/><\/a><\/p>\n<p>16. August 2017. Es ist soweit. Der Brunnen wird aufgebaut. Danke Christian Nowak (Stadtwerke B\u00fcdingen), Nicolai Lotz (Stadt B\u00fcdingen), Frank Betz und nat\u00fcrlich Axel Gallun f\u00fcrs Aufstellen. Das war Knochenarbeit.<\/p>\n<p style=\"text-align: center;\">+++<\/p>\n<p><a href=\"http:\/\/www.buergerforum-steinerneshaus.de\/wordpress\/wp-content\/uploads\/2017\/07\/P8110810-e1503391204998.jpg\"><img loading=\"lazy\" decoding=\"async\" class=\"aligncenter size-full wp-image-1573\" src=\"http:\/\/www.buergerforum-steinerneshaus.de\/wordpress\/wp-content\/uploads\/2017\/07\/P8110810-e1503391204998.jpg\" alt=\"\" width=\"725\" height=\"408\" \/><\/a>11. August 2017. Letzte Arbeiten im Untergrund &#8211; ausgef\u00fchrt von Mitarbeitern der Firma Leinberger-Bau. Vor Ort dabei: Axel Gallun und J\u00fcrgen Lenz, B\u00fcdinger Stadtbauamt. N\u00e4chste Woche &#8211; wahrscheinlich am Dienstag oder am Mittwoch &#8211; wird der Brunnen aufgebaut.<\/p>\n<\/div>\n<div class=\"entry-content\">\n<p style=\"text-align: center;\">+++<\/p>\n<p><a href=\"http:\/\/www.buergerforum-steinerneshaus.de\/wordpress\/wp-content\/uploads\/2017\/08\/P8080783-e1502228296143.jpg\"><img loading=\"lazy\" decoding=\"async\" class=\"aligncenter size-full wp-image-1549\" src=\"http:\/\/www.buergerforum-steinerneshaus.de\/wordpress\/wp-content\/uploads\/2017\/08\/P8080783-e1502228296143.jpg\" alt=\"\" width=\"725\" height=\"408\" \/><\/a>08. August 2017. Der Countdown l\u00e4uft. Heute hat Axel Gallun mehr als eine Stunde lang die beiden Fr\u00f6sche auf ihre Plattform gel\u00f6tet. Und davor den kleinen Bembelfrosch gr\u00fcn patiniert. Am Freitag wird die Firma Leinberger Bau die unterirdischen Arbeiten am Brunnen fertigstellen. Am Mittwoch der kommenden Woche wird der Brunnen vor Ort aufgestellt und zusammengef\u00fcgt.<\/p>\n<\/div>\n<p style=\"text-align: center;\">+++<\/p>\n<p><a href=\"http:\/\/www.buergerforum-steinerneshaus.de\/wordpress\/wp-content\/uploads\/2017\/07\/P7271438-e1503391542519.jpg\"><img loading=\"lazy\" decoding=\"async\" class=\"aligncenter size-full wp-image-1575\" src=\"http:\/\/www.buergerforum-steinerneshaus.de\/wordpress\/wp-content\/uploads\/2017\/07\/P7271438-e1503391542519.jpg\" alt=\"\" width=\"725\" height=\"408\" \/><\/a><\/p>\n<p>27. Juli 2017.\u00a0 Axel Gallun bespricht mit Frank Betz in Orleshausen Steinmetzarbeiten . Der Bembel muss ja mit dem K\u00fcbel verbunden werden.<\/p>\n<p><a href=\"http:\/\/www.buergerforum-steinerneshaus.de\/wordpress\/wp-content\/uploads\/2017\/07\/P8041059-e1503391700349.jpg\"><img loading=\"lazy\" decoding=\"async\" class=\"aligncenter size-full wp-image-1576\" src=\"http:\/\/www.buergerforum-steinerneshaus.de\/wordpress\/wp-content\/uploads\/2017\/07\/P8041059-e1503391700349.jpg\" alt=\"\" width=\"725\" height=\"408\" \/><\/a><\/p>\n<p>25. Juli 2017. Der Bembel sei viel mehr Arbeit als ein Frosch, sagt Axel Gallun.<\/p>\n<p style=\"text-align: center;\">+++<\/p>\n<p><a href=\"http:\/\/www.buergerforum-steinerneshaus.de\/wordpress\/wp-content\/uploads\/2017\/07\/P6222803-e1499099410709.jpg\"><img loading=\"lazy\" decoding=\"async\" class=\"size-full wp-image-1502\" src=\"http:\/\/www.buergerforum-steinerneshaus.de\/wordpress\/wp-content\/uploads\/2017\/07\/P6222803-e1499099410709.jpg\" alt=\"\" width=\"408\" height=\"725\" srcset=\"https:\/\/www.buergerforum-steinerneshaus.de\/wordpress\/wp-content\/uploads\/2017\/07\/P6222803-e1499099410709.jpg 408w, https:\/\/www.buergerforum-steinerneshaus.de\/wordpress\/wp-content\/uploads\/2017\/07\/P6222803-e1499099410709-169x300.jpg 169w\" sizes=\"(max-width: 408px) 100vw, 408px\" \/><\/a><\/p>\n<p>03. Juli 2017. Axel Gallun arbeitet an den Fr\u00f6schen f\u00fcr den Neustadtbrunnen. Wir besuchen ihn gelegentlich in seinem Open Air-Atelier, um die Frosch- und Brunnenwerdung zu dokumentieren.<\/p>\n<p style=\"text-align: center;\">+++<\/p>\n<p>&nbsp;<\/p>\n<p><a href=\"http:\/\/www.buergerforum-steinerneshaus.de\/wordpress\/wp-content\/uploads\/2017\/07\/P6222877-e1499186538515.jpg\"><img loading=\"lazy\" decoding=\"async\" class=\"size-full wp-image-1514\" src=\"http:\/\/www.buergerforum-steinerneshaus.de\/wordpress\/wp-content\/uploads\/2017\/07\/P6222877-e1499186538515.jpg\" alt=\"\" width=\"725\" height=\"408\" \/><\/a><\/p>\n<p>01. Juni 2017. Axel Gallun, K\u00fcnstler und Tr\u00e4ger des Kulturpreises des Wetteraukreises ist von uns mit der Gestaltung des Brunnens beauftragt. Als erstes hat er aus Pappmasche eine Froschvorlage hergestellt. Um eine Vorstellung vom fertigen Brunnen zu bekommen, sozusagen.<\/p>\n<p style=\"text-align: center;\">+++<\/p>\n<p style=\"text-align: left;\"><a href=\"http:\/\/www.buergerforum-steinerneshaus.de\/wordpress\/wp-content\/uploads\/2017\/07\/1P5100610-e1499190667493.jpg\"><img loading=\"lazy\" decoding=\"async\" class=\"aligncenter size-full wp-image-1524\" src=\"http:\/\/www.buergerforum-steinerneshaus.de\/wordpress\/wp-content\/uploads\/2017\/07\/1P5100610-e1499190667493.jpg\" alt=\"\" width=\"725\" height=\"465\" \/><\/a>10. Mai 2017. Die unterirdischen Arbeiten sind abgeschlossen. Dank OVAG, Stadtwerken und der beteiligten Tiefbaufirma, die noch dazu alles auf Spendenbasis ausgef\u00fchrt haben.<\/p>\n<p style=\"text-align: center;\">+++<\/p>\n<p style=\"text-align: left;\"><a href=\"http:\/\/www.buergerforum-steinerneshaus.de\/wordpress\/wp-content\/uploads\/2017\/07\/P4230648-e1499190435834.jpg\"><img loading=\"lazy\" decoding=\"async\" class=\"aligncenter size-full wp-image-1523\" src=\"http:\/\/www.buergerforum-steinerneshaus.de\/wordpress\/wp-content\/uploads\/2017\/07\/P4230648-e1499190435834.jpg\" alt=\"\" width=\"725\" height=\"408\" \/><\/a>24. April 2017. Aus dem Basaltk\u00fcbel haben wir w\u00e4hrend des G\u00e4rtnermarkts einen Wunschbrunnen gemacht, um Spenden zu sammeln.<\/p>\n<p style=\"text-align: center;\">+++<\/p>\n<p><a href=\"http:\/\/www.buergerforum-steinerneshaus.de\/wordpress\/wp-content\/uploads\/2017\/04\/P4101006-e1492758813301.jpg\"><img loading=\"lazy\" decoding=\"async\" class=\"aligncenter size-full wp-image-1484\" src=\"http:\/\/www.buergerforum-steinerneshaus.de\/wordpress\/wp-content\/uploads\/2017\/04\/P4101006-e1492758813301.jpg\" alt=\"\" width=\"725\" height=\"408\" \/><\/a>21. April 2017. Der Wasseranschluss ist schon fertig. In diesen Tagen sind die Mitarbeiter der OVAG dabei, den Elektroanschluss zu verlegen.<\/p>\n<p style=\"text-align: center;\">+++<\/p>\n<p><a href=\"http:\/\/www.buergerforum-steinerneshaus.de\/wordpress\/wp-content\/uploads\/2017\/07\/Neustadt-2015a-e1499189789254.jpg\"><img loading=\"lazy\" decoding=\"async\" class=\"aligncenter size-full wp-image-1519\" src=\"http:\/\/www.buergerforum-steinerneshaus.de\/wordpress\/wp-content\/uploads\/2017\/07\/Neustadt-2015a-e1499189789254.jpg\" alt=\"\" width=\"725\" height=\"513\" \/><\/a>23. M\u00e4rz 2017. Mitte M\u00e4rz haben Axel Gallun und Mitarbeiter des B\u00fcdinger Bauhofs den Basaltk\u00fcbel f\u00fcr den Neustadtbrunnen verschoben.<\/p>\n<p style=\"text-align: center;\">+++<\/p>\n<div id=\"attachment_1461\" style=\"width: 735px\" class=\"wp-caption aligncenter\"><a href=\"http:\/\/www.buergerforum-steinerneshaus.de\/wordpress\/wp-content\/uploads\/2017\/02\/P2082507-e1486567128488.jpg\"><img loading=\"lazy\" decoding=\"async\" aria-describedby=\"caption-attachment-1461\" class=\"size-full wp-image-1461\" src=\"http:\/\/www.buergerforum-steinerneshaus.de\/wordpress\/wp-content\/uploads\/2017\/02\/P2082507-e1486567128488.jpg\" alt=\"\" width=\"725\" height=\"408\" \/><\/a><p id=\"caption-attachment-1461\" class=\"wp-caption-text\">Michael Wagner, J\u00fcrgen Lenz, Hubertus Protz, Michael Leistner, Siegfried Buchhold, Fredi K\u00f6hler und (verdeckt) Nicolai Lotz (.v.l.)<\/p><\/div>\n<p>3. M\u00e4rz 2017. Ortstermin mit allen Beteiligten<\/p>\n<p style=\"text-align: center;\">+++<\/p>\n<p>&nbsp;<\/p>\n<p>&nbsp;<\/p>\n","protected":false},"excerpt":{"rendered":"<p>19. August 2017. Die Einweihung des Brunnens feiern viele B\u00fcdinger und Freunde der Stadt mit uns. +++ 16. August 2017. Es ist soweit. Der Brunnen wird aufgebaut. Danke Christian Nowak (Stadtwerke B\u00fcdingen), Nicolai Lotz (Stadt B\u00fcdingen), Frank Betz und nat\u00fcrlich Axel Gallun f\u00fcrs Aufstellen. Das war Knochenarbeit. +++ 11. August 2017. Letzte Arbeiten im Untergrund [&hellip;]<\/p>\n","protected":false},"author":1,"featured_media":0,"parent":0,"menu_order":0,"comment_status":"closed","ping_status":"closed","template":"","meta":{"footnotes":""},"class_list":["post-1513","page","type-page","status-publish","hentry"],"_links":{"self":[{"href":"https:\/\/www.buergerforum-steinerneshaus.de\/wordpress\/index.php?rest_route=\/wp\/v2\/pages\/1513"}],"collection":[{"href":"https:\/\/www.buergerforum-steinerneshaus.de\/wordpress\/index.php?rest_route=\/wp\/v2\/pages"}],"about":[{"href":"https:\/\/www.buergerforum-steinerneshaus.de\/wordpress\/index.php?rest_route=\/wp\/v2\/types\/page"}],"author":[{"embeddable":true,"href":"https:\/\/www.buergerforum-steinerneshaus.de\/wordpress\/index.php?rest_route=\/wp\/v2\/users\/1"}],"replies":[{"embeddable":true,"href":"https:\/\/www.buergerforum-steinerneshaus.de\/wordpress\/index.php?rest_route=%2Fwp%2Fv2%2Fcomments&post=1513"}],"version-history":[{"count":15,"href":"https:\/\/www.buergerforum-steinerneshaus.de\/wordpress\/index.php?rest_route=\/wp\/v2\/pages\/1513\/revisions"}],"predecessor-version":[{"id":1580,"href":"https:\/\/www.buergerforum-steinerneshaus.de\/wordpress\/index.php?rest_route=\/wp\/v2\/pages\/1513\/revisions\/1580"}],"wp:attachment":[{"href":"https:\/\/www.buergerforum-steinerneshaus.de\/wordpress\/index.php?rest_route=%2Fwp%2Fv2%2Fmedia&parent=1513"}],"curies":[{"name":"wp","href":"https:\/\/api.w.org\/{rel}","templated":true}]}}