{"id":1443,"date":"2017-02-01T13:31:37","date_gmt":"2017-02-01T11:31:37","guid":{"rendered":"http:\/\/www.buergerforum-steinerneshaus.de\/wordpress\/?page_id=1443"},"modified":"2017-02-01T13:31:37","modified_gmt":"2017-02-01T11:31:37","slug":"warum-froesche","status":"publish","type":"page","link":"https:\/\/www.buergerforum-steinerneshaus.de\/wordpress\/?page_id=1443","title":{"rendered":"Warum Fr\u00f6sche?"},"content":{"rendered":"<div id=\"attachment_1444\" style=\"width: 2458px\" class=\"wp-caption aligncenter\"><a href=\"http:\/\/www.buergerforum-steinerneshaus.de\/wordpress\/wp-content\/uploads\/2017\/02\/1-2014-04-30-18.27.35.jpg\"><img loading=\"lazy\" decoding=\"async\" aria-describedby=\"caption-attachment-1444\" class=\"wp-image-1444 size-full\" src=\"http:\/\/www.buergerforum-steinerneshaus.de\/wordpress\/wp-content\/uploads\/2017\/02\/1-2014-04-30-18.27.35.jpg\" width=\"2448\" height=\"2220\" srcset=\"https:\/\/www.buergerforum-steinerneshaus.de\/wordpress\/wp-content\/uploads\/2017\/02\/1-2014-04-30-18.27.35.jpg 2448w, https:\/\/www.buergerforum-steinerneshaus.de\/wordpress\/wp-content\/uploads\/2017\/02\/1-2014-04-30-18.27.35-300x272.jpg 300w, https:\/\/www.buergerforum-steinerneshaus.de\/wordpress\/wp-content\/uploads\/2017\/02\/1-2014-04-30-18.27.35-768x696.jpg 768w, https:\/\/www.buergerforum-steinerneshaus.de\/wordpress\/wp-content\/uploads\/2017\/02\/1-2014-04-30-18.27.35-1024x929.jpg 1024w, https:\/\/www.buergerforum-steinerneshaus.de\/wordpress\/wp-content\/uploads\/2017\/02\/1-2014-04-30-18.27.35-624x566.jpg 624w\" sizes=\"(max-width: 2448px) 100vw, 2448px\" \/><\/a><p id=\"caption-attachment-1444\" class=\"wp-caption-text\">Die Fr\u00f6sche im Schlossgraben quakten lauthals in die Nacht.<\/p><\/div>\n<p>Die Beuringer Fr\u00e4\u00e4sch<\/p>\n<p>Im Jahre des Herrn 1522 verm\u00e4hlte sich Graf Anton von Isenburg mit Elisabeth von Wied. In ihrer 19 Jahre dauernden Ehe gebar Elisabeth ihm 15 Kinder, von denen die meisten fr\u00fch verstarben. Die arme Seele selbst ist 34 Jahre alt geworden; ihr Gemahl \u00fcberlebte sie um 18 Jahre und starb 1560.<\/p>\n<p>Doch genug davon; unsere Geschichte spielt sich in den ersten Tagen ihrer Ehe ab\u2026<\/p>\n<p>Als Graf und Gr\u00e4fin frisch verm\u00e4hlt in das B\u00fcdinger Wasserschloss zur\u00fcckkehrten, bereiteten ihnen die B\u00fcrger der Stadt ein gro\u00dfes Willkommensfest und man feierte bis tief in die Nacht. Dann zogen sich die Jungverm\u00e4hlten zur\u00fcck \u2013 und irgendwann legten sie sich zur Ruhe.<\/p>\n<p>Graf Anton schlief bald ein. Elisabeth jedoch lag wach und warf sich hin und her. Aus dem Garten drang L\u00e4rm an ihr Ohr, den sie selbst dann kaum zu d\u00e4mpfen vermochte, als sie sich die Decke \u00fcber den Kopf zog. Die Fr\u00f6sche im Schlossgraben, der sich unter ihrem Fenster befand, quakten lauthals in die Nacht. Gegen Morgen wurde das Quaken sogar noch lauter. Ohrenbet\u00e4ubend. Da weckte Elisabeth ihren Anton und schwor, wenn das so weitergehe, kehre sie noch am selben Tag &#8211; sobald die Sonne am Himmel stehe &#8211; in das elterliche Schloss zur\u00fcck.<\/p>\n<p>Was blieb dem schlaftrunkenen, \u00fcberraschten Anton anderes \u00fcbrig, als so schnell wie m\u00f6glich zur Tat zu schreiten. Darum wurden alle Bediensteten im Schloss und selbst der Rat der Stadt geweckt. Sie wurden angewiesen, die Fr\u00f6sche rund um das Schloss einzufangen. Und zwar unverz\u00fcglich!<\/p>\n<p>Schnell war die ganze Stadt auf den Beinen. Im Schlossgraben wurde eifrig nach Fr\u00f6schen gefischt. Man fing alle ein. Und brachte sie vor das Rathaus, wo das Froschquaken mit jedem neuen Gefangenen weiter anschwoll.<\/p>\n<p>Die B\u00fcdinger berieten, was mit den gr\u00fcnen Gesellen geschehen solle. Egal ob verbrennen, erschie\u00dfen oder in den Turm werfen: Jeder Vorschlag wurde mit lautem Hallo abgelehnt. Man h\u00f6rte schlie\u00dflich sein eigenes Wort nicht mehr vor Menschen- und Froschgequake.<br \/>\nDa wurde es dem Amtmann zu bunt: \u201eSchluss jetzt!\u201c, rief er. \u201eWir werden die Fr\u00f6sche ertr\u00e4nken. Auf zum Seemenbach!\u201c Die Fr\u00f6sche wurden also wieder eingesammelt. Man trug sie in Eimern und Sch\u00fcrzen zum Seemenbach vor dem M\u00fchltor. Dort k\u00fcbelten die B\u00fcdinger die Fr\u00f6sche in das Wasser. Viele der gr\u00fcnen Gesellen wurden von der Str\u00f6mung fortgetragen. Die meisten jedoch blieben und gew\u00f6hnten sich rasch an ihre neue Heimat. Sie quakten in den Binsen links und rechts des Baches nun jede Nacht nach Kr\u00e4ften.<\/p>\n<p>Seither nennen sich die schlauen B\u00fcdinger mit einem selbstironischen Augenzwinkern \u201eDie Beuringer Fr\u00e4\u00e4sch\u201c.<\/p>\n<p>Elisabeth schlief seither selig.<\/p>\n<p>&nbsp;<\/p>\n","protected":false},"excerpt":{"rendered":"<p>Die Beuringer Fr\u00e4\u00e4sch Im Jahre des Herrn 1522 verm\u00e4hlte sich Graf Anton von Isenburg mit Elisabeth von Wied. In ihrer 19 Jahre dauernden Ehe gebar Elisabeth ihm 15 Kinder, von denen die meisten fr\u00fch verstarben. Die arme Seele selbst ist 34 Jahre alt geworden; ihr Gemahl \u00fcberlebte sie um 18 Jahre und starb 1560. Doch [&hellip;]<\/p>\n","protected":false},"author":1,"featured_media":0,"parent":0,"menu_order":0,"comment_status":"closed","ping_status":"closed","template":"","meta":{"footnotes":""},"class_list":["post-1443","page","type-page","status-publish","hentry"],"_links":{"self":[{"href":"https:\/\/www.buergerforum-steinerneshaus.de\/wordpress\/index.php?rest_route=\/wp\/v2\/pages\/1443"}],"collection":[{"href":"https:\/\/www.buergerforum-steinerneshaus.de\/wordpress\/index.php?rest_route=\/wp\/v2\/pages"}],"about":[{"href":"https:\/\/www.buergerforum-steinerneshaus.de\/wordpress\/index.php?rest_route=\/wp\/v2\/types\/page"}],"author":[{"embeddable":true,"href":"https:\/\/www.buergerforum-steinerneshaus.de\/wordpress\/index.php?rest_route=\/wp\/v2\/users\/1"}],"replies":[{"embeddable":true,"href":"https:\/\/www.buergerforum-steinerneshaus.de\/wordpress\/index.php?rest_route=%2Fwp%2Fv2%2Fcomments&post=1443"}],"version-history":[{"count":1,"href":"https:\/\/www.buergerforum-steinerneshaus.de\/wordpress\/index.php?rest_route=\/wp\/v2\/pages\/1443\/revisions"}],"predecessor-version":[{"id":1447,"href":"https:\/\/www.buergerforum-steinerneshaus.de\/wordpress\/index.php?rest_route=\/wp\/v2\/pages\/1443\/revisions\/1447"}],"wp:attachment":[{"href":"https:\/\/www.buergerforum-steinerneshaus.de\/wordpress\/index.php?rest_route=%2Fwp%2Fv2%2Fmedia&parent=1443"}],"curies":[{"name":"wp","href":"https:\/\/api.w.org\/{rel}","templated":true}]}}