{"id":1436,"date":"2017-02-01T13:26:33","date_gmt":"2017-02-01T11:26:33","guid":{"rendered":"http:\/\/www.buergerforum-steinerneshaus.de\/wordpress\/?page_id=1436"},"modified":"2017-07-04T10:20:37","modified_gmt":"2017-07-04T08:20:37","slug":"fotos-aus-dem-stadtarchiv","status":"publish","type":"page","link":"https:\/\/www.buergerforum-steinerneshaus.de\/wordpress\/?page_id=1436","title":{"rendered":"Fotos"},"content":{"rendered":"<p>Foto aus dem Besitz von Ina Schneider, Hellersche Buchhandlung<\/p>\n<div id=\"attachment_1511\" style=\"width: 735px\" class=\"wp-caption aligncenter\"><a href=\"http:\/\/www.buergerforum-steinerneshaus.de\/wordpress\/wp-content\/uploads\/2017\/02\/P7043054-e1499156396984.jpg\"><img loading=\"lazy\" decoding=\"async\" aria-describedby=\"caption-attachment-1511\" class=\"size-full wp-image-1511\" src=\"http:\/\/www.buergerforum-steinerneshaus.de\/wordpress\/wp-content\/uploads\/2017\/02\/P7043054-e1499156396984.jpg\" alt=\"\" width=\"725\" height=\"508\" \/><\/a><p id=\"caption-attachment-1511\" class=\"wp-caption-text\">Auf dem Dalles mit Blick auf die Hellersche Druckerei<\/p><\/div>\n<p>Fotos aus dem Stadtarchiv<\/p>\n<p>So hat er fr\u00fcher einmal ausgesehen, der Neustadtbrunnen. Markant: das Weinfass, das den K\u00f6rper des Brunnens bildet.<br \/>\nWir danken Peter Zinnkann, Stadtarchivar, der uns die beiden Fotos zur Verf\u00fcgung gestellt hat.<\/p>\n<div id=\"attachment_1510\" style=\"width: 735px\" class=\"wp-caption aligncenter\"><a href=\"http:\/\/www.buergerforum-steinerneshaus.de\/wordpress\/wp-content\/uploads\/2017\/02\/10927577_880572058665777_1553529628_o-e1499155839545.jpg\"><img loading=\"lazy\" decoding=\"async\" aria-describedby=\"caption-attachment-1510\" class=\"wp-image-1510 size-full\" src=\"http:\/\/www.buergerforum-steinerneshaus.de\/wordpress\/wp-content\/uploads\/2017\/02\/10927577_880572058665777_1553529628_o-e1499155839545.jpg\" alt=\"\" width=\"725\" height=\"487\" \/><\/a><p id=\"caption-attachment-1510\" class=\"wp-caption-text\">Blick in die Obergasse<\/p><\/div>\n<div id=\"attachment_1422\" style=\"width: 709px\" class=\"wp-caption aligncenter\"><a href=\"http:\/\/www.buergerforum-steinerneshaus.de\/wordpress\/wp-content\/uploads\/2017\/02\/10961784_880570618665921_726869193_n.jpg\"><img loading=\"lazy\" decoding=\"async\" aria-describedby=\"caption-attachment-1422\" class=\"wp-image-1422 size-full\" src=\"http:\/\/www.buergerforum-steinerneshaus.de\/wordpress\/wp-content\/uploads\/2017\/02\/10961784_880570618665921_726869193_n.jpg\" width=\"699\" height=\"960\" srcset=\"https:\/\/www.buergerforum-steinerneshaus.de\/wordpress\/wp-content\/uploads\/2017\/02\/10961784_880570618665921_726869193_n.jpg 699w, https:\/\/www.buergerforum-steinerneshaus.de\/wordpress\/wp-content\/uploads\/2017\/02\/10961784_880570618665921_726869193_n-218x300.jpg 218w, https:\/\/www.buergerforum-steinerneshaus.de\/wordpress\/wp-content\/uploads\/2017\/02\/10961784_880570618665921_726869193_n-624x857.jpg 624w\" sizes=\"(max-width: 699px) 100vw, 699px\" \/><\/a><p id=\"caption-attachment-1422\" class=\"wp-caption-text\">Munteres Treiben am Neustadtborn<\/p><\/div>\n<div id=\"attachment_1423\" style=\"width: 698px\" class=\"wp-caption aligncenter\"><a href=\"http:\/\/www.buergerforum-steinerneshaus.de\/wordpress\/wp-content\/uploads\/2017\/02\/10962144_880569978665985_341934532_n.jpg\"><img loading=\"lazy\" decoding=\"async\" aria-describedby=\"caption-attachment-1423\" class=\"wp-image-1423 size-full\" src=\"http:\/\/www.buergerforum-steinerneshaus.de\/wordpress\/wp-content\/uploads\/2017\/02\/10962144_880569978665985_341934532_n.jpg\" width=\"688\" height=\"960\" srcset=\"https:\/\/www.buergerforum-steinerneshaus.de\/wordpress\/wp-content\/uploads\/2017\/02\/10962144_880569978665985_341934532_n.jpg 688w, https:\/\/www.buergerforum-steinerneshaus.de\/wordpress\/wp-content\/uploads\/2017\/02\/10962144_880569978665985_341934532_n-215x300.jpg 215w, https:\/\/www.buergerforum-steinerneshaus.de\/wordpress\/wp-content\/uploads\/2017\/02\/10962144_880569978665985_341934532_n-624x871.jpg 624w\" sizes=\"(max-width: 688px) 100vw, 688px\" \/><\/a><p id=\"caption-attachment-1423\" class=\"wp-caption-text\">Kinder am Neustadtbrunnen<\/p><\/div>\n","protected":false},"excerpt":{"rendered":"<p>Foto aus dem Besitz von Ina Schneider, Hellersche Buchhandlung Fotos aus dem Stadtarchiv So hat er fr\u00fcher einmal ausgesehen, der Neustadtbrunnen. Markant: das Weinfass, das den K\u00f6rper des Brunnens bildet. Wir danken Peter Zinnkann, Stadtarchivar, der uns die beiden Fotos zur Verf\u00fcgung gestellt hat.<\/p>\n","protected":false},"author":1,"featured_media":0,"parent":0,"menu_order":0,"comment_status":"closed","ping_status":"closed","template":"","meta":{"footnotes":""},"class_list":["post-1436","page","type-page","status-publish","hentry"],"_links":{"self":[{"href":"https:\/\/www.buergerforum-steinerneshaus.de\/wordpress\/index.php?rest_route=\/wp\/v2\/pages\/1436"}],"collection":[{"href":"https:\/\/www.buergerforum-steinerneshaus.de\/wordpress\/index.php?rest_route=\/wp\/v2\/pages"}],"about":[{"href":"https:\/\/www.buergerforum-steinerneshaus.de\/wordpress\/index.php?rest_route=\/wp\/v2\/types\/page"}],"author":[{"embeddable":true,"href":"https:\/\/www.buergerforum-steinerneshaus.de\/wordpress\/index.php?rest_route=\/wp\/v2\/users\/1"}],"replies":[{"embeddable":true,"href":"https:\/\/www.buergerforum-steinerneshaus.de\/wordpress\/index.php?rest_route=%2Fwp%2Fv2%2Fcomments&post=1436"}],"version-history":[{"count":5,"href":"https:\/\/www.buergerforum-steinerneshaus.de\/wordpress\/index.php?rest_route=\/wp\/v2\/pages\/1436\/revisions"}],"predecessor-version":[{"id":1512,"href":"https:\/\/www.buergerforum-steinerneshaus.de\/wordpress\/index.php?rest_route=\/wp\/v2\/pages\/1436\/revisions\/1512"}],"wp:attachment":[{"href":"https:\/\/www.buergerforum-steinerneshaus.de\/wordpress\/index.php?rest_route=%2Fwp%2Fv2%2Fmedia&parent=1436"}],"curies":[{"name":"wp","href":"https:\/\/api.w.org\/{rel}","templated":true}]}}