{"id":1426,"date":"2017-02-01T13:20:09","date_gmt":"2017-02-01T11:20:09","guid":{"rendered":"http:\/\/www.buergerforum-steinerneshaus.de\/wordpress\/?page_id=1426"},"modified":"2017-08-22T10:57:52","modified_gmt":"2017-08-22T08:57:52","slug":"neustadtbrunnen","status":"publish","type":"page","link":"https:\/\/www.buergerforum-steinerneshaus.de\/wordpress\/?page_id=1426","title":{"rendered":"Neustadtbrunnen"},"content":{"rendered":"<p>Im Jahr 2017 hat das B\u00fcrgerforum ein neues Projekt umgesetzt. An der Stelle, an der bis zum Endes des 19. Jahrhunderts der Neustadtbrunnen stand, wurde ein neuer Brunnen errichtet. Der alte verlor seine Funktion, als B\u00fcdingen in der Zeit von 1888 bis 1895 eine Wasserleitung erhielt. Abgerissen wurde er &#8211; wie 1838 schon die Karlspforte -, weil er zum Verkehrshindernis wurde. Die Entw\u00fcrfe f\u00fcr den neuen Brunnen\u00a0 hat der B\u00fcdinger K\u00fcnstler Axel Gallun gefertigt. Er nimmt darin das Motiv der Beuringer Fr\u00e4\u00e4sch auf.<\/p>\n<p><a href=\"http:\/\/www.buergerforum-steinerneshaus.de\/wordpress\/wp-content\/uploads\/2017\/02\/EntwurfAGallunNeustadtbrunnen9-2016a.jpg\"><img loading=\"lazy\" decoding=\"async\" class=\"aligncenter size-full wp-image-1424\" src=\"http:\/\/www.buergerforum-steinerneshaus.de\/wordpress\/wp-content\/uploads\/2017\/02\/EntwurfAGallunNeustadtbrunnen9-2016a.jpg\" alt=\"\" width=\"5484\" height=\"4482\" srcset=\"https:\/\/www.buergerforum-steinerneshaus.de\/wordpress\/wp-content\/uploads\/2017\/02\/EntwurfAGallunNeustadtbrunnen9-2016a.jpg 5484w, https:\/\/www.buergerforum-steinerneshaus.de\/wordpress\/wp-content\/uploads\/2017\/02\/EntwurfAGallunNeustadtbrunnen9-2016a-300x245.jpg 300w, https:\/\/www.buergerforum-steinerneshaus.de\/wordpress\/wp-content\/uploads\/2017\/02\/EntwurfAGallunNeustadtbrunnen9-2016a-768x628.jpg 768w, https:\/\/www.buergerforum-steinerneshaus.de\/wordpress\/wp-content\/uploads\/2017\/02\/EntwurfAGallunNeustadtbrunnen9-2016a-1024x837.jpg 1024w, https:\/\/www.buergerforum-steinerneshaus.de\/wordpress\/wp-content\/uploads\/2017\/02\/EntwurfAGallunNeustadtbrunnen9-2016a-624x510.jpg 624w\" sizes=\"(max-width: 5484px) 100vw, 5484px\" \/><\/a><\/p>\n","protected":false},"excerpt":{"rendered":"<p>Im Jahr 2017 hat das B\u00fcrgerforum ein neues Projekt umgesetzt. An der Stelle, an der bis zum Endes des 19. Jahrhunderts der Neustadtbrunnen stand, wurde ein neuer Brunnen errichtet. Der alte verlor seine Funktion, als B\u00fcdingen in der Zeit von 1888 bis 1895 eine Wasserleitung erhielt. Abgerissen wurde er &#8211; wie 1838 schon die Karlspforte [&hellip;]<\/p>\n","protected":false},"author":1,"featured_media":0,"parent":0,"menu_order":0,"comment_status":"closed","ping_status":"closed","template":"","meta":{"footnotes":""},"class_list":["post-1426","page","type-page","status-publish","hentry"],"_links":{"self":[{"href":"https:\/\/www.buergerforum-steinerneshaus.de\/wordpress\/index.php?rest_route=\/wp\/v2\/pages\/1426"}],"collection":[{"href":"https:\/\/www.buergerforum-steinerneshaus.de\/wordpress\/index.php?rest_route=\/wp\/v2\/pages"}],"about":[{"href":"https:\/\/www.buergerforum-steinerneshaus.de\/wordpress\/index.php?rest_route=\/wp\/v2\/types\/page"}],"author":[{"embeddable":true,"href":"https:\/\/www.buergerforum-steinerneshaus.de\/wordpress\/index.php?rest_route=\/wp\/v2\/users\/1"}],"replies":[{"embeddable":true,"href":"https:\/\/www.buergerforum-steinerneshaus.de\/wordpress\/index.php?rest_route=%2Fwp%2Fv2%2Fcomments&post=1426"}],"version-history":[{"count":3,"href":"https:\/\/www.buergerforum-steinerneshaus.de\/wordpress\/index.php?rest_route=\/wp\/v2\/pages\/1426\/revisions"}],"predecessor-version":[{"id":1581,"href":"https:\/\/www.buergerforum-steinerneshaus.de\/wordpress\/index.php?rest_route=\/wp\/v2\/pages\/1426\/revisions\/1581"}],"wp:attachment":[{"href":"https:\/\/www.buergerforum-steinerneshaus.de\/wordpress\/index.php?rest_route=%2Fwp%2Fv2%2Fmedia&parent=1426"}],"curies":[{"name":"wp","href":"https:\/\/api.w.org\/{rel}","templated":true}]}}